
{"id":12961,"date":"2022-12-09T11:05:32","date_gmt":"2022-12-09T10:05:32","guid":{"rendered":"https:\/\/compra08840.com\/?post_type=product&#038;p=12961"},"modified":"2023-03-31T11:37:19","modified_gmt":"2023-03-31T09:37:19","slug":"cal-xim-xim-comerciante-tomate-cherry","status":"publish","type":"product","link":"https:\/\/compra08840.com\/es\/marketplace\/product\/cal-xim-xim-comerciante-tomate-cherry\/","title":{"rendered":"Tomate Cherry"},"content":{"rendered":"<p><strong>\u00a1C\u00f3mo nos gusta el tomate Cherry de Viladecans!<\/strong> Y es que este producto, cultivado en el Parc Agrari, es una variedad de tomate Cherry originario de Am\u00e9rica, que desde 1800 se cultiva en lugares como Ecuador, Per\u00fa y el norte de Chile. Este tomate se caracteriza por su peque\u00f1a medida, de entre 1 y 3 cm, y su peso es de unos 13 gramos aproximadamente. <strong>Su sabor es intenso y de color brillante. Es crujiente, dulce y de textura suave y delicada<\/strong>, que var\u00eda seg\u00fan la gran variedad que sea.<\/p>\n<p>El Cherry <strong>contiene una gran cantidad de vitaminas y minerales<\/strong> como; vitamina A, B1, B2, B3, B6, C, K y E, y minerales como el potasio, calcio, f\u00f3sforo, azufre, magnesio, n\u00edquel, cloro, sodio, hierro, cobre, zinc, fl\u00faor, cobalto, yodo, cromo y manganeso.<\/p>\n<p>Somos productores y comerciantes de este producto.<\/p>\n","protected":false},"excerpt":{"rendered":"<p>\u00a1C\u00f3mo nos gusta el tomate Cherry de Viladecans! Y es que este producto, cultivado en el Parc Agrari, es una variedad de tomate Cherry originario de Am\u00e9rica, que desde 1800 se cultiva en lugares como Ecuador, Per\u00fa y el norte de Chile. Este tomate se caracteriza por su peque\u00f1a medida, de entre 1 y 3 &#8230; <a title=\"Tomate Cherry\" class=\"read-more\" href=\"https:\/\/compra08840.com\/es\/marketplace\/product\/cal-xim-xim-comerciante-tomate-cherry\/\" aria-label=\"M\u00e1s en Tomate Cherry\">Leer m\u00e1s<\/a><\/p>\n","protected":false},"featured_media":14526,"template":"","meta":{"_acf_changed":false,"_monsterinsights_skip_tracking":false,"_monsterinsights_sitenote_active":false,"_monsterinsights_sitenote_note":"","_monsterinsights_sitenote_category":0},"product_brand":[],"product_cat":[1291,1295],"product_tag":[],"tipo-de-venta":[1770],"class_list":{"0":"post-12961","1":"product","2":"type-product","3":"status-publish","4":"has-post-thumbnail","6":"product_cat-alimentacion","7":"product_cat-frescos-es","8":"tipo-de-venta-vendes-a-la-botiga-fisica","10":"first","11":"instock","12":"taxable","13":"shipping-taxable","14":"product-type-simple"},"acf":[],"aioseo_notices":[],"jetpack_sharing_enabled":true,"_links":{"self":[{"href":"https:\/\/compra08840.com\/es\/wp-json\/wp\/v2\/product\/12961","targetHints":{"allow":["GET"]}}],"collection":[{"href":"https:\/\/compra08840.com\/es\/wp-json\/wp\/v2\/product"}],"about":[{"href":"https:\/\/compra08840.com\/es\/wp-json\/wp\/v2\/types\/product"}],"wp:featuredmedia":[{"embeddable":true,"href":"https:\/\/compra08840.com\/es\/wp-json\/wp\/v2\/media\/14526"}],"wp:attachment":[{"href":"https:\/\/compra08840.com\/es\/wp-json\/wp\/v2\/media?parent=12961"}],"wp:term":[{"taxonomy":"product_brand","embeddable":true,"href":"https:\/\/compra08840.com\/es\/wp-json\/wp\/v2\/product_brand?post=12961"},{"taxonomy":"product_cat","embeddable":true,"href":"https:\/\/compra08840.com\/es\/wp-json\/wp\/v2\/product_cat?post=12961"},{"taxonomy":"product_tag","embeddable":true,"href":"https:\/\/compra08840.com\/es\/wp-json\/wp\/v2\/product_tag?post=12961"},{"taxonomy":"tipo-de-venta","embeddable":true,"href":"https:\/\/compra08840.com\/es\/wp-json\/wp\/v2\/tipo-de-venta?post=12961"}],"curies":[{"name":"wp","href":"https:\/\/api.w.org\/{rel}","templated":true}]}}