
{"id":12604,"date":"2022-11-30T14:31:34","date_gmt":"2022-11-30T13:31:34","guid":{"rendered":"https:\/\/compra08840.com\/marketplace\/product\/embarazo-pack-premium\/"},"modified":"2022-11-30T14:31:34","modified_gmt":"2022-11-30T13:31:34","slug":"embaras-pack-premium-2","status":"publish","type":"product","link":"https:\/\/compra08840.com\/es\/marketplace\/product\/embaras-pack-premium-2\/","title":{"rendered":"EMBARAZO: Pack Premium"},"content":{"rendered":"<p><strong>Pack Trineo<br \/><\/strong><\/p>\n<ul style=\"list-style-type: circle;\">\n<li>8 fotograf\u00edas digitales<\/li>\n<li>Postal digital<\/li>\n<\/ul>\n<p><\/p>\n<p><span>Aunque parezca que queda mucho para la \u00e9poca m\u00e1s bonita del a\u00f1o ya est\u00e1 a la vuelta de la esquina, y este a\u00f1o os traigo un decorado m\u00e1gico! En nuestra Navidad nos trasladamos a un bosque lleno de abetos, un columpio para tocar las estrellas y una casita donde contaremos cuentos y secretos.<\/span><\/p>\n<p><span>En todos nuestros packs puede salir las mam\u00e1s y pap\u00e1s, hermanitos y mascotas.<\/span><\/p>\n<p><span>Para ni\u00f1as disponemos de tut\u00fas, jers\u00e9is y calcetines en tonos mostaza.<\/span><\/p>\n<p><span>Para los ni\u00f1os jers\u00e9is en mostaza. Deber\u00e1 llevar \u00fanicamente pantal\u00f3n color crudo, marr\u00f3n o tejano. Si prefiere ponerles camisa blanca disponemos de tirantes y pajaritas de acuerdo con \u00e9l decorado.<\/span><\/p>\n<p><span>Tenemos varios gorritos como complemento.<\/span><\/p>\n<p><span>Si el vestuario que ofrecemos nosotros no le gusta, puede traer de casa su propio vestuario.<\/span><\/p>\n<p><span>Recomendamos tonos mostaza, rojo, rosa tarta y azul.<\/span><\/p>\n<p><span>&nbsp;<\/span><\/p>\n<p><span>Si quieres incluir a otro familiar (abuelos, primos\u2026) deber\u00e1 reservar su sesi\u00f3n el mismo d\u00eda, de manera consecutiva y haremos la foto entre las dos sesiones. (Nos ce\u00f1iremos de forma muy estricta a las medidas recomendadas de aforo por el gobierno.)<\/span><\/p>\n<p><span>&nbsp;<\/span><\/p>\n<p><span>Las&nbsp;<strong>sessiones<\/strong>&nbsp;tienen una duraci\u00f3n de&nbsp;<strong>30\/40 minuts<\/strong>&nbsp;aunque en el calendario vea que hay 60 minutos entre sesi\u00f3n y sesi\u00f3n estos 20 minutos son los que necesito para desinfectar todo antes de que llegue la siguiente familia, es por eso, que ruego m\u00e1xima puntualidad.<\/span><\/p>\n<p><span><em><strong>El nombre del pack no influye en el decorado<\/strong><\/em>, en todos los packs usaremos la casita, banco, y el columpio.<\/span><\/p>\n<p><span>Posteriormente a la sesi\u00f3n se podr\u00e1n adquirir productos como cuadros, \u00e1lbumes, postales extras, etc. con las fotos de su sesi\u00f3n.<\/span><\/p>\n<p><span>\u200b<\/span><\/p>\n<p><strong>Cada foto extra tiene un coste de 6 \u20ac<\/strong><\/p>\n","protected":false},"excerpt":{"rendered":"<p>Desir\u00e9e Luna Fotograf\u00eda<\/p>\n","protected":false},"featured_media":12301,"template":"","meta":{"_acf_changed":false,"_monsterinsights_skip_tracking":false,"_monsterinsights_sitenote_active":false,"_monsterinsights_sitenote_note":"","_monsterinsights_sitenote_category":0},"product_brand":[],"product_cat":[76],"product_tag":[],"tipo-de-venta":[1772],"class_list":{"0":"post-12604","1":"product","2":"type-product","3":"status-publish","4":"has-post-thumbnail","6":"product_cat-sin-categorizar","7":"tipo-de-venta-vendes-a-la-web-propia","9":"first","10":"instock","11":"taxable","12":"shipping-taxable","13":"product-type-external"},"acf":[],"aioseo_notices":[],"jetpack_sharing_enabled":true,"_links":{"self":[{"href":"https:\/\/compra08840.com\/es\/wp-json\/wp\/v2\/product\/12604","targetHints":{"allow":["GET"]}}],"collection":[{"href":"https:\/\/compra08840.com\/es\/wp-json\/wp\/v2\/product"}],"about":[{"href":"https:\/\/compra08840.com\/es\/wp-json\/wp\/v2\/types\/product"}],"wp:featuredmedia":[{"embeddable":true,"href":"https:\/\/compra08840.com\/es\/wp-json\/wp\/v2\/media\/12301"}],"wp:attachment":[{"href":"https:\/\/compra08840.com\/es\/wp-json\/wp\/v2\/media?parent=12604"}],"wp:term":[{"taxonomy":"product_brand","embeddable":true,"href":"https:\/\/compra08840.com\/es\/wp-json\/wp\/v2\/product_brand?post=12604"},{"taxonomy":"product_cat","embeddable":true,"href":"https:\/\/compra08840.com\/es\/wp-json\/wp\/v2\/product_cat?post=12604"},{"taxonomy":"product_tag","embeddable":true,"href":"https:\/\/compra08840.com\/es\/wp-json\/wp\/v2\/product_tag?post=12604"},{"taxonomy":"tipo-de-venta","embeddable":true,"href":"https:\/\/compra08840.com\/es\/wp-json\/wp\/v2\/tipo-de-venta?post=12604"}],"curies":[{"name":"wp","href":"https:\/\/api.w.org\/{rel}","templated":true}]}}