
{"id":11807,"date":"2022-11-29T15:41:30","date_gmt":"2022-11-29T14:41:30","guid":{"rendered":"https:\/\/compra08840.com\/marketplace\/product\/masaje-de-1-hora\/"},"modified":"2024-12-16T12:29:37","modified_gmt":"2024-12-16T11:29:37","slug":"masaje-de-1-hora","status":"publish","type":"product","link":"https:\/\/compra08840.com\/es\/marketplace\/product\/masaje-de-1-hora\/","title":{"rendered":"Masaje de 1 hora"},"content":{"rendered":"<p><em><strong>Atenci\u00f3n: Para recibir un vale regalo por cada producto, por favor, realiza una compra individual para cada art\u00edculo. Si incluyes varios productos en un mismo pedido, solo se generar\u00e1 un \u00fanico vale regalo.<\/strong><\/em><\/p>\n","protected":false},"excerpt":{"rendered":"<p>Atenci\u00f3n: Para recibir un vale regalo por cada producto, por favor, realiza una compra individual para cada art\u00edculo. Si incluyes varios productos en un mismo pedido, solo se generar\u00e1 un \u00fanico vale regalo.<\/p>\n","protected":false},"featured_media":11686,"template":"","meta":{"_acf_changed":false,"_monsterinsights_skip_tracking":false,"_monsterinsights_sitenote_active":false,"_monsterinsights_sitenote_note":"","_monsterinsights_sitenote_category":0},"product_brand":[],"product_cat":[1193,1744,1339,1317,1337],"product_tag":[],"tipo-de-venta":[1771],"class_list":{"0":"post-11807","1":"product","2":"type-product","3":"status-publish","4":"has-post-thumbnail","6":"product_cat-livestyle-es","7":"product_cat-tarjeta-regalo","8":"product_cat-masajes","9":"product_cat-regalos","10":"product_cat-salud","11":"tipo-de-venta-vendes-al-compra08840","13":"first","14":"instock","15":"taxable","16":"shipping-taxable","17":"purchasable","18":"product-type-variable"},"acf":[],"aioseo_notices":[],"jetpack_sharing_enabled":true,"_links":{"self":[{"href":"https:\/\/compra08840.com\/es\/wp-json\/wp\/v2\/product\/11807","targetHints":{"allow":["GET"]}}],"collection":[{"href":"https:\/\/compra08840.com\/es\/wp-json\/wp\/v2\/product"}],"about":[{"href":"https:\/\/compra08840.com\/es\/wp-json\/wp\/v2\/types\/product"}],"wp:featuredmedia":[{"embeddable":true,"href":"https:\/\/compra08840.com\/es\/wp-json\/wp\/v2\/media\/11686"}],"wp:attachment":[{"href":"https:\/\/compra08840.com\/es\/wp-json\/wp\/v2\/media?parent=11807"}],"wp:term":[{"taxonomy":"product_brand","embeddable":true,"href":"https:\/\/compra08840.com\/es\/wp-json\/wp\/v2\/product_brand?post=11807"},{"taxonomy":"product_cat","embeddable":true,"href":"https:\/\/compra08840.com\/es\/wp-json\/wp\/v2\/product_cat?post=11807"},{"taxonomy":"product_tag","embeddable":true,"href":"https:\/\/compra08840.com\/es\/wp-json\/wp\/v2\/product_tag?post=11807"},{"taxonomy":"tipo-de-venta","embeddable":true,"href":"https:\/\/compra08840.com\/es\/wp-json\/wp\/v2\/tipo-de-venta?post=11807"}],"curies":[{"name":"wp","href":"https:\/\/api.w.org\/{rel}","templated":true}]}}