
{"id":11793,"date":"2022-11-29T16:04:02","date_gmt":"2022-11-29T15:04:02","guid":{"rendered":"https:\/\/compra08840.com\/marketplace\/product\/masaje-terapeutico-de-2-horas\/"},"modified":"2024-12-16T12:10:32","modified_gmt":"2024-12-16T11:10:32","slug":"masaje-terapeutico-de-2-horas","status":"publish","type":"product","link":"https:\/\/compra08840.com\/es\/marketplace\/product\/masaje-terapeutico-de-2-horas\/","title":{"rendered":"Masaje terap\u00e9utico de 2 horas"},"content":{"rendered":"<p>El masaje terap\u00e9utico ayuda a relajar la musculatura, disminuyendo la inflamaci\u00f3n, calmando el dolor, mejorando la movilidad de las articulaciones aportando una sensaci\u00f3n de armon\u00eda y relajaci\u00f3n.<\/p>\n","protected":false},"excerpt":{"rendered":"<p>El masaje terap\u00e9utico ayuda a relajar la musculatura, disminuyendo la inflamaci\u00f3n, calmando el dolor, mejorando la movilidad de las articulaciones aportando una sensaci\u00f3n de armon\u00eda y relajaci\u00f3n.<\/p>\n","protected":false},"featured_media":13394,"template":"","meta":{"_acf_changed":false,"_monsterinsights_skip_tracking":false,"_monsterinsights_sitenote_active":false,"_monsterinsights_sitenote_note":"","_monsterinsights_sitenote_category":0},"product_brand":[],"product_cat":[1193,1202,1744,1346,1339,1317,1337],"product_tag":[],"tipo-de-venta":[1771],"class_list":{"0":"post-11793","1":"product","2":"type-product","3":"status-publish","4":"has-post-thumbnail","6":"product_cat-livestyle-es","7":"product_cat-servicios","8":"product_cat-tarjeta-regalo","9":"product_cat-cuidados-y-asistencia","10":"product_cat-masajes","11":"product_cat-regalos","12":"product_cat-salud","13":"tipo-de-venta-vendes-al-compra08840","15":"first","16":"instock","17":"taxable","18":"shipping-taxable","19":"purchasable","20":"product-type-variable"},"acf":[],"aioseo_notices":[],"jetpack_sharing_enabled":true,"_links":{"self":[{"href":"https:\/\/compra08840.com\/es\/wp-json\/wp\/v2\/product\/11793","targetHints":{"allow":["GET"]}}],"collection":[{"href":"https:\/\/compra08840.com\/es\/wp-json\/wp\/v2\/product"}],"about":[{"href":"https:\/\/compra08840.com\/es\/wp-json\/wp\/v2\/types\/product"}],"wp:featuredmedia":[{"embeddable":true,"href":"https:\/\/compra08840.com\/es\/wp-json\/wp\/v2\/media\/13394"}],"wp:attachment":[{"href":"https:\/\/compra08840.com\/es\/wp-json\/wp\/v2\/media?parent=11793"}],"wp:term":[{"taxonomy":"product_brand","embeddable":true,"href":"https:\/\/compra08840.com\/es\/wp-json\/wp\/v2\/product_brand?post=11793"},{"taxonomy":"product_cat","embeddable":true,"href":"https:\/\/compra08840.com\/es\/wp-json\/wp\/v2\/product_cat?post=11793"},{"taxonomy":"product_tag","embeddable":true,"href":"https:\/\/compra08840.com\/es\/wp-json\/wp\/v2\/product_tag?post=11793"},{"taxonomy":"tipo-de-venta","embeddable":true,"href":"https:\/\/compra08840.com\/es\/wp-json\/wp\/v2\/tipo-de-venta?post=11793"}],"curies":[{"name":"wp","href":"https:\/\/api.w.org\/{rel}","templated":true}]}}