
{"id":11516,"date":"2022-11-08T12:35:05","date_gmt":"2022-11-08T11:35:05","guid":{"rendered":"https:\/\/compra08840.com\/marketplace\/product\/pistacho-turco-tostado\/"},"modified":"2022-11-08T12:35:05","modified_gmt":"2022-11-08T11:35:05","slug":"pistacho-turco-tostado","status":"publish","type":"product","link":"https:\/\/compra08840.com\/es\/marketplace\/product\/pistacho-turco-tostado\/","title":{"rendered":"Pistacho turco tostado"},"content":{"rendered":"<p>Los pistachos son ricos en calcio, pero tambi\u00e9n en potasio, magnesio y hierro. Tienen un alto contenido en fibra y hacen una aportaci\u00f2 estupenda de prote\u00ednas vegetales.<\/p>\n<p>Precio por 100gr<\/p>\n","protected":false},"excerpt":{"rendered":"<p>Pistacho turco tostado<\/p>\n<p>El graner de l&#8217;Anna<\/p>\n","protected":false},"featured_media":13886,"template":"","meta":{"_acf_changed":false,"_monsterinsights_skip_tracking":false,"_monsterinsights_sitenote_active":false,"_monsterinsights_sitenote_note":"","_monsterinsights_sitenote_category":0},"product_brand":[],"product_cat":[1291,1300],"product_tag":[1645,1636,1717,1716],"tipo-de-venta":[1770],"class_list":{"0":"post-11516","1":"product","2":"type-product","3":"status-publish","4":"has-post-thumbnail","6":"product_cat-alimentacion","7":"product_cat-viveres","8":"product_tag-aperitiu-es","9":"product_tag-aperitivo-es","10":"product_tag-pistacho-tostado-es","11":"product_tag-pistacho-turco-es","12":"tipo-de-venta-vendes-a-la-botiga-fisica","14":"first","15":"instock","16":"sold-individually","17":"taxable","18":"shipping-taxable","19":"product-type-external"},"acf":[],"aioseo_notices":[],"jetpack_sharing_enabled":true,"_links":{"self":[{"href":"https:\/\/compra08840.com\/es\/wp-json\/wp\/v2\/product\/11516","targetHints":{"allow":["GET"]}}],"collection":[{"href":"https:\/\/compra08840.com\/es\/wp-json\/wp\/v2\/product"}],"about":[{"href":"https:\/\/compra08840.com\/es\/wp-json\/wp\/v2\/types\/product"}],"wp:featuredmedia":[{"embeddable":true,"href":"https:\/\/compra08840.com\/es\/wp-json\/wp\/v2\/media\/13886"}],"wp:attachment":[{"href":"https:\/\/compra08840.com\/es\/wp-json\/wp\/v2\/media?parent=11516"}],"wp:term":[{"taxonomy":"product_brand","embeddable":true,"href":"https:\/\/compra08840.com\/es\/wp-json\/wp\/v2\/product_brand?post=11516"},{"taxonomy":"product_cat","embeddable":true,"href":"https:\/\/compra08840.com\/es\/wp-json\/wp\/v2\/product_cat?post=11516"},{"taxonomy":"product_tag","embeddable":true,"href":"https:\/\/compra08840.com\/es\/wp-json\/wp\/v2\/product_tag?post=11516"},{"taxonomy":"tipo-de-venta","embeddable":true,"href":"https:\/\/compra08840.com\/es\/wp-json\/wp\/v2\/tipo-de-venta?post=11516"}],"curies":[{"name":"wp","href":"https:\/\/api.w.org\/{rel}","templated":true}]}}