
{"id":11508,"date":"2022-11-08T12:35:06","date_gmt":"2022-11-08T11:35:06","guid":{"rendered":"https:\/\/compra08840.com\/marketplace\/product\/almendra-palo\/"},"modified":"2022-11-08T12:35:06","modified_gmt":"2022-11-08T11:35:06","slug":"almedra-palo","status":"publish","type":"product","link":"https:\/\/compra08840.com\/es\/marketplace\/product\/almedra-palo\/","title":{"rendered":"Almendra Palo"},"content":{"rendered":"<p>La almendra palo se utiliza en pasteler\u00eda y elaboraciones dulces principalmente. Son ricas en proteina y calcio. Tambi\u00e9n contienen zinc, cobre, hierro, potasio, magnesio y \u00e1cido f\u00f3lico entre otros. Ayudan a reducir el colesterol y la tensi\u00f3n arterial.<\/p>\n<p>Precio por 100gr<\/p>\n","protected":false},"excerpt":{"rendered":"<p>Almendra Palo<\/p>\n<p>El graner de l&#8217;Anna<\/p>\n","protected":false},"featured_media":7797,"template":"","meta":{"_acf_changed":false,"_monsterinsights_skip_tracking":false,"_monsterinsights_sitenote_active":false,"_monsterinsights_sitenote_note":"","_monsterinsights_sitenote_category":0},"product_brand":[],"product_cat":[1291,1300],"product_tag":[1702,1701,1700],"tipo-de-venta":[1770],"class_list":{"0":"post-11508","1":"product","2":"type-product","3":"status-publish","4":"has-post-thumbnail","6":"product_cat-alimentacion","7":"product_cat-viveres","8":"product_tag-almendra-palito-es","9":"product_tag-panellets-es","10":"product_tag-reposteria-es","11":"tipo-de-venta-vendes-a-la-botiga-fisica","13":"first","14":"instock","15":"sold-individually","16":"taxable","17":"shipping-taxable","18":"product-type-external"},"acf":[],"aioseo_notices":[],"jetpack_sharing_enabled":true,"_links":{"self":[{"href":"https:\/\/compra08840.com\/es\/wp-json\/wp\/v2\/product\/11508","targetHints":{"allow":["GET"]}}],"collection":[{"href":"https:\/\/compra08840.com\/es\/wp-json\/wp\/v2\/product"}],"about":[{"href":"https:\/\/compra08840.com\/es\/wp-json\/wp\/v2\/types\/product"}],"wp:featuredmedia":[{"embeddable":true,"href":"https:\/\/compra08840.com\/es\/wp-json\/wp\/v2\/media\/7797"}],"wp:attachment":[{"href":"https:\/\/compra08840.com\/es\/wp-json\/wp\/v2\/media?parent=11508"}],"wp:term":[{"taxonomy":"product_brand","embeddable":true,"href":"https:\/\/compra08840.com\/es\/wp-json\/wp\/v2\/product_brand?post=11508"},{"taxonomy":"product_cat","embeddable":true,"href":"https:\/\/compra08840.com\/es\/wp-json\/wp\/v2\/product_cat?post=11508"},{"taxonomy":"product_tag","embeddable":true,"href":"https:\/\/compra08840.com\/es\/wp-json\/wp\/v2\/product_tag?post=11508"},{"taxonomy":"tipo-de-venta","embeddable":true,"href":"https:\/\/compra08840.com\/es\/wp-json\/wp\/v2\/tipo-de-venta?post=11508"}],"curies":[{"name":"wp","href":"https:\/\/api.w.org\/{rel}","templated":true}]}}