
{"id":11487,"date":"2022-11-08T12:35:12","date_gmt":"2022-11-08T11:35:12","guid":{"rendered":"https:\/\/compra08840.com\/marketplace\/product\/judia-planchada-de-leon\/"},"modified":"2022-11-08T12:35:12","modified_gmt":"2022-11-08T11:35:12","slug":"judia-planchada-de-leon","status":"publish","type":"product","link":"https:\/\/compra08840.com\/es\/marketplace\/product\/judia-planchada-de-leon\/","title":{"rendered":"Jud\u00eda Planchada de Le\u00f3n"},"content":{"rendered":"<p>Se trata de una jud\u00eda de gran calidad, con textura cremosa y que es conservan extranyament enteras despu\u00e9s de cocidas.<br \/>\nCocci\u00f3n en olla expr\u00e9s de 30- 45 min \/\/ Cocci\u00f3n en olla normal 2 &#8211; 2:30h.<\/p>\n<p><span class=\"Y2IQFc\" lang=\"ca\">Alto contenido en hierro. Vitaminas del grupo B. Alto contenido en fibra. Gran fuente de minerales como el potasio, el calcio y el zinc. Alto contenido en prote\u00ednas vegetales. Reducen el colesterol. Ayudan en la p\u00e9rdida de peso. Mejora la piel<\/span><\/p>\n<p>Precio por 100gr<\/p>\n","protected":false},"excerpt":{"rendered":"<p>Jud\u00eda Planchada de Le\u00f3n<\/p>\n<p>El graner de l&#8217;Anna<\/p>\n","protected":false},"featured_media":7836,"template":"","meta":{"_acf_changed":false,"_monsterinsights_skip_tracking":false,"_monsterinsights_sitenote_active":false,"_monsterinsights_sitenote_note":"","_monsterinsights_sitenote_category":0},"product_brand":[],"product_cat":[1291,1300],"product_tag":[1649,1657,1658],"tipo-de-venta":[1770],"class_list":{"0":"post-11487","1":"product","2":"type-product","3":"status-publish","4":"has-post-thumbnail","6":"product_cat-alimentacion","7":"product_cat-viveres","8":"product_tag-alubia-es","9":"product_tag-judia-planchada-es","10":"product_tag-plancheta-es","11":"tipo-de-venta-vendes-a-la-botiga-fisica","13":"first","14":"instock","15":"sold-individually","16":"taxable","17":"shipping-taxable","18":"product-type-external"},"acf":[],"aioseo_notices":[],"jetpack_sharing_enabled":true,"_links":{"self":[{"href":"https:\/\/compra08840.com\/es\/wp-json\/wp\/v2\/product\/11487","targetHints":{"allow":["GET"]}}],"collection":[{"href":"https:\/\/compra08840.com\/es\/wp-json\/wp\/v2\/product"}],"about":[{"href":"https:\/\/compra08840.com\/es\/wp-json\/wp\/v2\/types\/product"}],"wp:featuredmedia":[{"embeddable":true,"href":"https:\/\/compra08840.com\/es\/wp-json\/wp\/v2\/media\/7836"}],"wp:attachment":[{"href":"https:\/\/compra08840.com\/es\/wp-json\/wp\/v2\/media?parent=11487"}],"wp:term":[{"taxonomy":"product_brand","embeddable":true,"href":"https:\/\/compra08840.com\/es\/wp-json\/wp\/v2\/product_brand?post=11487"},{"taxonomy":"product_cat","embeddable":true,"href":"https:\/\/compra08840.com\/es\/wp-json\/wp\/v2\/product_cat?post=11487"},{"taxonomy":"product_tag","embeddable":true,"href":"https:\/\/compra08840.com\/es\/wp-json\/wp\/v2\/product_tag?post=11487"},{"taxonomy":"tipo-de-venta","embeddable":true,"href":"https:\/\/compra08840.com\/es\/wp-json\/wp\/v2\/tipo-de-venta?post=11487"}],"curies":[{"name":"wp","href":"https:\/\/api.w.org\/{rel}","templated":true}]}}