
{"id":11477,"date":"2022-11-08T12:35:15","date_gmt":"2022-11-08T11:35:15","guid":{"rendered":"https:\/\/compra08840.com\/marketplace\/product\/maiz-tostado-gigante\/"},"modified":"2022-11-08T12:35:15","modified_gmt":"2022-11-08T11:35:15","slug":"maiz-tostado-gigante","status":"publish","type":"product","link":"https:\/\/compra08840.com\/es\/marketplace\/product\/maiz-tostado-gigante\/","title":{"rendered":"Ma\u00edz Tostado Gigante"},"content":{"rendered":"<p><span class=\"Y2IQFc\" lang=\"ca\">Mejora la digesti\u00f3n. Reduce los niveles de colesterol. Propiedades anti-envejecimiento. Bajo en calor\u00edas Aportan energ\u00eda y beneficia los m\u00fasculos<\/span><\/p>\n<p><em>Vols rebre el producte a casa? Contacta&#8217;ns.<\/em><\/p>\n<p>Precio por 100gr<\/p>\n","protected":false},"excerpt":{"rendered":"<p>Ma\u00edz Tostado Gigante<\/p>\n","protected":false},"featured_media":13826,"template":"","meta":{"_acf_changed":false,"_monsterinsights_skip_tracking":false,"_monsterinsights_sitenote_active":false,"_monsterinsights_sitenote_note":"","_monsterinsights_sitenote_category":0},"product_brand":[],"product_cat":[1291,1300],"product_tag":[1630,1629],"tipo-de-venta":[],"class_list":{"0":"post-11477","1":"product","2":"type-product","3":"status-publish","4":"has-post-thumbnail","6":"product_cat-alimentacion","7":"product_cat-viveres","8":"product_tag-maiz-tostado-es","9":"product_tag-quicos-es","11":"first","12":"instock","13":"sold-individually","14":"taxable","15":"shipping-taxable","16":"product-type-external"},"acf":[],"aioseo_notices":[],"jetpack_sharing_enabled":true,"_links":{"self":[{"href":"https:\/\/compra08840.com\/es\/wp-json\/wp\/v2\/product\/11477","targetHints":{"allow":["GET"]}}],"collection":[{"href":"https:\/\/compra08840.com\/es\/wp-json\/wp\/v2\/product"}],"about":[{"href":"https:\/\/compra08840.com\/es\/wp-json\/wp\/v2\/types\/product"}],"wp:featuredmedia":[{"embeddable":true,"href":"https:\/\/compra08840.com\/es\/wp-json\/wp\/v2\/media\/13826"}],"wp:attachment":[{"href":"https:\/\/compra08840.com\/es\/wp-json\/wp\/v2\/media?parent=11477"}],"wp:term":[{"taxonomy":"product_brand","embeddable":true,"href":"https:\/\/compra08840.com\/es\/wp-json\/wp\/v2\/product_brand?post=11477"},{"taxonomy":"product_cat","embeddable":true,"href":"https:\/\/compra08840.com\/es\/wp-json\/wp\/v2\/product_cat?post=11477"},{"taxonomy":"product_tag","embeddable":true,"href":"https:\/\/compra08840.com\/es\/wp-json\/wp\/v2\/product_tag?post=11477"},{"taxonomy":"tipo-de-venta","embeddable":true,"href":"https:\/\/compra08840.com\/es\/wp-json\/wp\/v2\/tipo-de-venta?post=11477"}],"curies":[{"name":"wp","href":"https:\/\/api.w.org\/{rel}","templated":true}]}}