
{"id":11470,"date":"2022-11-08T12:35:22","date_gmt":"2022-11-08T11:35:22","guid":{"rendered":"https:\/\/compra08840.com\/marketplace\/product\/nuez-de-brasil\/"},"modified":"2022-11-08T12:35:22","modified_gmt":"2022-11-08T11:35:22","slug":"nuez-de-brasil","status":"publish","type":"product","link":"https:\/\/compra08840.com\/es\/marketplace\/product\/nuez-de-brasil\/","title":{"rendered":"Nuez de Brasil"},"content":{"rendered":"<p><span class=\"Y2IQFc\" lang=\"ca\"><span class=\"Y2IQFc\" lang=\"ca\">Las nueces del Brasil son un alimento energ\u00e9tico y nutritivo muy rico en \u00e1cidos grasos esenciales (65-70%) y prote\u00ednas vegetales (14-17%). Tambi\u00e9n destaca el contenido en minerales, vitaminas, flavonoides y fibra.<\/span><\/span><\/p>\n<p><span class=\"Y2IQFc\" lang=\"ca\"><span class=\"Y2IQFc\" lang=\"ca\"><br \/>\n<\/span><\/span><span class=\"Y2IQFc\" lang=\"ca\">Protege la salud del coraz\u00f3n. Prevenci\u00f3n del cancer. Mantiene la salud del cerebro. Mantiene el cabello y las u\u00f1as saludables. Reduce la presi\u00f3n alta. Fortalece el sistema inmunitario. Regula las tiroides. Fuente de energia.<\/span><\/p>\n<div class=\"ULSxyf\">\n<div class=\"KIy09e obcontainer wDYxhc\" data-md=\"77\" data-hveid=\"CAEQAA\" data-ved=\"2ahUKEwiijceOqZ30AhWL76QKHcHdBSIQkCl6BAgBEAA\">\n<div id=\"tw-main\" data-hveid=\"CAEQAQ\">\n<div id=\"tw-container\" data-cp=\"1\" data-is-ver=\"false\" data-nnttsvi=\"1\" data-sm=\"1\" data-sugg-time=\"500\" data-sugg-url=\"https:\/\/clients1.google.com\/complete\/search\" data-uilc=\"ca\">\n<div>\n<div id=\"tw-ob\" class=\"tw-src-ltr\">\n<div class=\"oSioSc\">\n<div id=\"tw-target\">\n<div id=\"kAz1tf\" class=\"g9WsWb\">\n<div class=\"iYB33c\">\n<div>Precio por 100gr.<\/div>\n<\/div>\n<\/div>\n<\/div>\n<\/div>\n<\/div>\n<\/div>\n<p>&nbsp;<\/p>\n<\/div>\n<\/div>\n<\/div>\n<\/div>\n","protected":false},"excerpt":{"rendered":"<p>Nuez de Brasil<\/p>\n<p>El graner de l&#8217;Anna<\/p>\n","protected":false},"featured_media":7837,"template":"","meta":{"_acf_changed":false,"_monsterinsights_skip_tracking":false,"_monsterinsights_sitenote_active":false,"_monsterinsights_sitenote_note":"","_monsterinsights_sitenote_category":0},"product_brand":[],"product_cat":[1291,1300],"product_tag":[1618,1619],"tipo-de-venta":[1770],"class_list":{"0":"post-11470","1":"product","2":"type-product","3":"status-publish","4":"has-post-thumbnail","6":"product_cat-alimentacion","7":"product_cat-viveres","8":"product_tag-coquitos-es","9":"product_tag-nueces-del-brasil-es","10":"tipo-de-venta-vendes-a-la-botiga-fisica","12":"first","13":"instock","14":"sold-individually","15":"taxable","16":"shipping-taxable","17":"product-type-external"},"acf":[],"aioseo_notices":[],"jetpack_sharing_enabled":true,"_links":{"self":[{"href":"https:\/\/compra08840.com\/es\/wp-json\/wp\/v2\/product\/11470","targetHints":{"allow":["GET"]}}],"collection":[{"href":"https:\/\/compra08840.com\/es\/wp-json\/wp\/v2\/product"}],"about":[{"href":"https:\/\/compra08840.com\/es\/wp-json\/wp\/v2\/types\/product"}],"wp:featuredmedia":[{"embeddable":true,"href":"https:\/\/compra08840.com\/es\/wp-json\/wp\/v2\/media\/7837"}],"wp:attachment":[{"href":"https:\/\/compra08840.com\/es\/wp-json\/wp\/v2\/media?parent=11470"}],"wp:term":[{"taxonomy":"product_brand","embeddable":true,"href":"https:\/\/compra08840.com\/es\/wp-json\/wp\/v2\/product_brand?post=11470"},{"taxonomy":"product_cat","embeddable":true,"href":"https:\/\/compra08840.com\/es\/wp-json\/wp\/v2\/product_cat?post=11470"},{"taxonomy":"product_tag","embeddable":true,"href":"https:\/\/compra08840.com\/es\/wp-json\/wp\/v2\/product_tag?post=11470"},{"taxonomy":"tipo-de-venta","embeddable":true,"href":"https:\/\/compra08840.com\/es\/wp-json\/wp\/v2\/tipo-de-venta?post=11470"}],"curies":[{"name":"wp","href":"https:\/\/api.w.org\/{rel}","templated":true}]}}