
{"id":11468,"date":"2022-11-08T12:35:19","date_gmt":"2022-11-08T11:35:19","guid":{"rendered":"https:\/\/compra08840.com\/marketplace\/product\/jabon-solido-de-miel-y-propoleo\/"},"modified":"2022-11-08T12:35:19","modified_gmt":"2022-11-08T11:35:19","slug":"jabon-solido-miel-y-propoleo","status":"publish","type":"product","link":"https:\/\/compra08840.com\/es\/marketplace\/product\/jabon-solido-miel-y-propoleo\/","title":{"rendered":"Jab\u00f3n S\u00f3lido de Miel y Propoleo"},"content":{"rendered":"<p><span class=\"Y2IQFc\" lang=\"ca\">Jab\u00f3n con miel, propoleo y Aloe vera. NUTRE y APORTA FLEXIBILIDAD. <\/span><\/p>\n<p>Jab\u00f3n artesanal elaborado con aceites de oliva y coco. Utilizada al jab\u00f3n te ayuda a mantener la piel perfectamente hidratada y flexible. Adem\u00e1s se usa como b\u00e1lsamo limpiador y regenerador de pieles secas y apagadas.<\/p>\n<p>&nbsp;<\/p>\n","protected":false},"excerpt":{"rendered":"<p>Jab\u00f3n S\u00f3lido de Miel y Propoleo<\/p>\n<p>El graner de l&#8217;Anna<\/p>\n","protected":false},"featured_media":7857,"template":"","meta":{"_acf_changed":false,"_monsterinsights_skip_tracking":false,"_monsterinsights_sitenote_active":false,"_monsterinsights_sitenote_note":"","_monsterinsights_sitenote_category":0},"product_brand":[],"product_cat":[1193,1306,1314,1312],"product_tag":[1614],"tipo-de-venta":[1770],"class_list":{"0":"post-11468","1":"product","2":"type-product","3":"status-publish","4":"has-post-thumbnail","6":"product_cat-livestyle-es","7":"product_cat-belleza","8":"product_cat-eco-friendly-es","9":"product_cat-higiene-es","10":"product_tag-jabon-solido-es","11":"tipo-de-venta-vendes-a-la-botiga-fisica","13":"first","14":"instock","15":"sold-individually","16":"taxable","17":"shipping-taxable","18":"product-type-external"},"acf":[],"aioseo_notices":[],"jetpack_sharing_enabled":true,"_links":{"self":[{"href":"https:\/\/compra08840.com\/es\/wp-json\/wp\/v2\/product\/11468","targetHints":{"allow":["GET"]}}],"collection":[{"href":"https:\/\/compra08840.com\/es\/wp-json\/wp\/v2\/product"}],"about":[{"href":"https:\/\/compra08840.com\/es\/wp-json\/wp\/v2\/types\/product"}],"wp:featuredmedia":[{"embeddable":true,"href":"https:\/\/compra08840.com\/es\/wp-json\/wp\/v2\/media\/7857"}],"wp:attachment":[{"href":"https:\/\/compra08840.com\/es\/wp-json\/wp\/v2\/media?parent=11468"}],"wp:term":[{"taxonomy":"product_brand","embeddable":true,"href":"https:\/\/compra08840.com\/es\/wp-json\/wp\/v2\/product_brand?post=11468"},{"taxonomy":"product_cat","embeddable":true,"href":"https:\/\/compra08840.com\/es\/wp-json\/wp\/v2\/product_cat?post=11468"},{"taxonomy":"product_tag","embeddable":true,"href":"https:\/\/compra08840.com\/es\/wp-json\/wp\/v2\/product_tag?post=11468"},{"taxonomy":"tipo-de-venta","embeddable":true,"href":"https:\/\/compra08840.com\/es\/wp-json\/wp\/v2\/tipo-de-venta?post=11468"}],"curies":[{"name":"wp","href":"https:\/\/api.w.org\/{rel}","templated":true}]}}