
{"id":11375,"date":"2022-11-08T17:39:31","date_gmt":"2022-11-08T16:39:31","guid":{"rendered":"https:\/\/compra08840.com\/?post_type=product&#038;p=11375"},"modified":"2023-01-02T13:54:55","modified_gmt":"2023-01-02T12:54:55","slug":"bandeja-15-fria","status":"publish","type":"product","link":"https:\/\/compra08840.com\/es\/marketplace\/product\/bandeja-15-fria\/","title":{"rendered":"Bandeja 15 \u00abfria\u00bb"},"content":{"rendered":"<p>Montamos ricas bandejas ideales para desayunos de empresa, meriendas con amigos, sobremesas interesantes,\u2026 valoradas en 15\u20ac. d\u00e9janos sorprenderte con nuestro rico postre, s\u00f3lo tendr\u00e1s que elegir si la quieres de obrador (reci\u00e9n salidas del horno) o frescas.<\/p>\n","protected":false},"excerpt":{"rendered":"<p>Bandeja 15 \u00abfria\u00bb<\/p>\n<p>&nbsp;<\/p>\n","protected":false},"featured_media":8062,"template":"","meta":{"_acf_changed":false,"_monsterinsights_skip_tracking":false,"_monsterinsights_sitenote_active":false,"_monsterinsights_sitenote_note":"","_monsterinsights_sitenote_category":0},"product_brand":[],"product_cat":[1200,1291,1294],"product_tag":[],"tipo-de-venta":[1772],"class_list":{"0":"post-11375","1":"product","2":"type-product","3":"status-publish","4":"has-post-thumbnail","6":"product_cat-sin-categorizar-es","7":"product_cat-alimentacion","8":"product_cat-panaderia-bolleria","9":"tipo-de-venta-vendes-a-la-web-propia","11":"first","12":"instock","13":"sold-individually","14":"taxable","15":"shipping-taxable","16":"purchasable","17":"product-type-simple"},"acf":[],"aioseo_notices":[],"jetpack_sharing_enabled":true,"_links":{"self":[{"href":"https:\/\/compra08840.com\/es\/wp-json\/wp\/v2\/product\/11375","targetHints":{"allow":["GET"]}}],"collection":[{"href":"https:\/\/compra08840.com\/es\/wp-json\/wp\/v2\/product"}],"about":[{"href":"https:\/\/compra08840.com\/es\/wp-json\/wp\/v2\/types\/product"}],"wp:featuredmedia":[{"embeddable":true,"href":"https:\/\/compra08840.com\/es\/wp-json\/wp\/v2\/media\/8062"}],"wp:attachment":[{"href":"https:\/\/compra08840.com\/es\/wp-json\/wp\/v2\/media?parent=11375"}],"wp:term":[{"taxonomy":"product_brand","embeddable":true,"href":"https:\/\/compra08840.com\/es\/wp-json\/wp\/v2\/product_brand?post=11375"},{"taxonomy":"product_cat","embeddable":true,"href":"https:\/\/compra08840.com\/es\/wp-json\/wp\/v2\/product_cat?post=11375"},{"taxonomy":"product_tag","embeddable":true,"href":"https:\/\/compra08840.com\/es\/wp-json\/wp\/v2\/product_tag?post=11375"},{"taxonomy":"tipo-de-venta","embeddable":true,"href":"https:\/\/compra08840.com\/es\/wp-json\/wp\/v2\/tipo-de-venta?post=11375"}],"curies":[{"name":"wp","href":"https:\/\/api.w.org\/{rel}","templated":true}]}}