
{"id":11370,"date":"2022-11-08T17:55:31","date_gmt":"2022-11-08T16:55:31","guid":{"rendered":"https:\/\/compra08840.com\/?post_type=product&#038;p=11370"},"modified":"2023-01-02T13:53:43","modified_gmt":"2023-01-02T12:53:43","slug":"cupcake-de-chocolate-vega-y-sin-gluten","status":"publish","type":"product","link":"https:\/\/compra08840.com\/es\/marketplace\/product\/cupcake-de-chocolate-vega-y-sin-gluten\/","title":{"rendered":"Cupcake De Chocolate (Vegano Y Sin Gluten)"},"content":{"rendered":"<p>Nuestros cupcakes veganos y sin gl\u00fatenes te enamorar\u00e1n desde el principio.<\/p>\n<p>Bizcocho de chocolate, relleno de trufa vegana de chocolate Valrhona.<\/p>\n<p>Est\u00e1 hecho en un obrador aparte para evitar contaminaci\u00f3n cruzada. Si quieres m\u00e1s informaci\u00f3n sobre nuestros productos sin gl\u00fatenes pincha <a href=\"https:\/\/ladespensadeeva.es\/vegan-gluten-free\/\">aqu\u00ed.<\/a><\/p>\n<p><strong>Este producto contiene:<\/strong><\/p>\n<p>SOY<br \/>\nSEMILLAS DE LINO<\/p>\n<p>Plaza Viladecans de 10 a 13h de Lunes a S\u00e1bado<\/p>\n","protected":false},"excerpt":{"rendered":"<p>Cupcake De Chocolate (Vegano Y Sin Gluten)<\/p>\n<p>El gasto de Eva<\/p>\n","protected":false},"featured_media":8131,"template":"","meta":{"_acf_changed":false,"_monsterinsights_skip_tracking":false,"_monsterinsights_sitenote_active":false,"_monsterinsights_sitenote_note":"","_monsterinsights_sitenote_category":0},"product_brand":[],"product_cat":[1200,1291,1294],"product_tag":[],"tipo-de-venta":[1772],"class_list":{"0":"post-11370","1":"product","2":"type-product","3":"status-publish","4":"has-post-thumbnail","6":"product_cat-sin-categorizar-es","7":"product_cat-alimentacion","8":"product_cat-panaderia-bolleria","9":"tipo-de-venta-vendes-a-la-web-propia","11":"first","12":"instock","13":"sold-individually","14":"taxable","15":"shipping-taxable","16":"product-type-external"},"acf":[],"aioseo_notices":[],"jetpack_sharing_enabled":true,"_links":{"self":[{"href":"https:\/\/compra08840.com\/es\/wp-json\/wp\/v2\/product\/11370","targetHints":{"allow":["GET"]}}],"collection":[{"href":"https:\/\/compra08840.com\/es\/wp-json\/wp\/v2\/product"}],"about":[{"href":"https:\/\/compra08840.com\/es\/wp-json\/wp\/v2\/types\/product"}],"wp:featuredmedia":[{"embeddable":true,"href":"https:\/\/compra08840.com\/es\/wp-json\/wp\/v2\/media\/8131"}],"wp:attachment":[{"href":"https:\/\/compra08840.com\/es\/wp-json\/wp\/v2\/media?parent=11370"}],"wp:term":[{"taxonomy":"product_brand","embeddable":true,"href":"https:\/\/compra08840.com\/es\/wp-json\/wp\/v2\/product_brand?post=11370"},{"taxonomy":"product_cat","embeddable":true,"href":"https:\/\/compra08840.com\/es\/wp-json\/wp\/v2\/product_cat?post=11370"},{"taxonomy":"product_tag","embeddable":true,"href":"https:\/\/compra08840.com\/es\/wp-json\/wp\/v2\/product_tag?post=11370"},{"taxonomy":"tipo-de-venta","embeddable":true,"href":"https:\/\/compra08840.com\/es\/wp-json\/wp\/v2\/tipo-de-venta?post=11370"}],"curies":[{"name":"wp","href":"https:\/\/api.w.org\/{rel}","templated":true}]}}