
{"id":11362,"date":"2022-11-08T17:55:32","date_gmt":"2022-11-08T16:55:32","guid":{"rendered":"https:\/\/compra08840.com\/?post_type=product&#038;p=11362"},"modified":"2023-01-02T13:53:38","modified_gmt":"2023-01-02T12:53:38","slug":"almivar-de-leche-artesa","status":"publish","type":"product","link":"https:\/\/compra08840.com\/es\/marketplace\/product\/almivar-de-leche-artesa\/","title":{"rendered":"Alm\u00edbar de leche Artesano"},"content":{"rendered":"<p><b>Alm\u00edbar de leche Artesano<\/b><\/p>\n<p>Si te gusta el alm\u00edbar de leche \u00e9ste te encantar\u00e1. Es lo que utilizamos nosotros y nos encanta.<\/p>\n<p>Plaza Viladecans de 10 a 13h de Lunes a S\u00e1bado<\/p>\n","protected":false},"excerpt":{"rendered":"<p>Alm\u00edbar de leche Artesano<\/p>\n","protected":false},"featured_media":14465,"template":"","meta":{"_acf_changed":false,"_monsterinsights_skip_tracking":false,"_monsterinsights_sitenote_active":false,"_monsterinsights_sitenote_note":"","_monsterinsights_sitenote_category":0},"product_brand":[],"product_cat":[1200,1291,1294],"product_tag":[1422,1401,1423,1392,1383,1375,1400],"tipo-de-venta":[1772],"class_list":{"0":"post-11362","1":"product","2":"type-product","3":"status-publish","4":"has-post-thumbnail","6":"product_cat-sin-categorizar-es","7":"product_cat-alimentacion","8":"product_cat-panaderia-bolleria","9":"product_tag-almibar-de-leche","10":"product_tag-argentino-es","11":"product_tag-artesanal-es","12":"product_tag-artesano-es","13":"product_tag-dulce-es-2","14":"product_tag-dulce-es","15":"product_tag-dulce-de-leche-es","16":"tipo-de-venta-vendes-a-la-web-propia","18":"first","19":"instock","20":"sold-individually","21":"taxable","22":"shipping-taxable","23":"product-type-external"},"acf":[],"aioseo_notices":[],"jetpack_sharing_enabled":true,"_links":{"self":[{"href":"https:\/\/compra08840.com\/es\/wp-json\/wp\/v2\/product\/11362","targetHints":{"allow":["GET"]}}],"collection":[{"href":"https:\/\/compra08840.com\/es\/wp-json\/wp\/v2\/product"}],"about":[{"href":"https:\/\/compra08840.com\/es\/wp-json\/wp\/v2\/types\/product"}],"wp:featuredmedia":[{"embeddable":true,"href":"https:\/\/compra08840.com\/es\/wp-json\/wp\/v2\/media\/14465"}],"wp:attachment":[{"href":"https:\/\/compra08840.com\/es\/wp-json\/wp\/v2\/media?parent=11362"}],"wp:term":[{"taxonomy":"product_brand","embeddable":true,"href":"https:\/\/compra08840.com\/es\/wp-json\/wp\/v2\/product_brand?post=11362"},{"taxonomy":"product_cat","embeddable":true,"href":"https:\/\/compra08840.com\/es\/wp-json\/wp\/v2\/product_cat?post=11362"},{"taxonomy":"product_tag","embeddable":true,"href":"https:\/\/compra08840.com\/es\/wp-json\/wp\/v2\/product_tag?post=11362"},{"taxonomy":"tipo-de-venta","embeddable":true,"href":"https:\/\/compra08840.com\/es\/wp-json\/wp\/v2\/tipo-de-venta?post=11362"}],"curies":[{"name":"wp","href":"https:\/\/api.w.org\/{rel}","templated":true}]}}