
{"id":11354,"date":"2022-11-08T17:55:32","date_gmt":"2022-11-08T16:55:32","guid":{"rendered":"https:\/\/compra08840.com\/?post_type=product&#038;p=11354"},"modified":"2023-01-02T13:53:34","modified_gmt":"2023-01-02T12:53:34","slug":"lata-de-regalo-con-galletas-de-avena-festuc-i-frambuesa-360gr-2","status":"publish","type":"product","link":"https:\/\/compra08840.com\/es\/marketplace\/product\/lata-de-regalo-con-galletas-de-avena-festuc-i-frambuesa-360gr-2\/","title":{"rendered":"Lata de regalo con galletas de avena, pistacho y frambuesa (360gr)"},"content":{"rendered":"<p><strong>Lata de regalo con galletas de avena, pistacho y frambuesa (360gr)<\/strong><\/p>\n<p>Uno de nuestros productos m\u00e1s apreciados.<\/p>\n<p>Galleta de copos de avena con pistacho entero y frambuesa deshidratada. Un toque \u00e1cido y dulce a la vez. Lleva az\u00facar more y miel para sustituir el az\u00facar blanco. Saciantes y deliciosas.<\/p>\n<p>Plaza Viladecans de 10 a 13h de Lunes a S\u00e1bado<\/p>\n","protected":false},"excerpt":{"rendered":"<p>Lata de regalo con galletas de avena, pistacho y frambuesa (360gr)<\/p>\n<p>El gasto de Eva<\/p>\n","protected":false},"featured_media":8141,"template":"","meta":{"_acf_changed":false,"_monsterinsights_skip_tracking":false,"_monsterinsights_sitenote_active":false,"_monsterinsights_sitenote_note":"","_monsterinsights_sitenote_category":0},"product_brand":[],"product_cat":[1200,1291,1294],"product_tag":[1409,1410],"tipo-de-venta":[1772],"class_list":{"0":"post-11354","1":"product","2":"type-product","3":"status-publish","4":"has-post-thumbnail","6":"product_cat-sin-categorizar-es","7":"product_cat-alimentacion","8":"product_cat-panaderia-bolleria","9":"product_tag-lata-regalo-galletas-de-avena-es","10":"product_tag-pistacho-y-avena-es","11":"tipo-de-venta-vendes-a-la-web-propia","13":"first","14":"instock","15":"sold-individually","16":"taxable","17":"shipping-taxable","18":"product-type-external"},"acf":[],"aioseo_notices":[],"jetpack_sharing_enabled":true,"_links":{"self":[{"href":"https:\/\/compra08840.com\/es\/wp-json\/wp\/v2\/product\/11354","targetHints":{"allow":["GET"]}}],"collection":[{"href":"https:\/\/compra08840.com\/es\/wp-json\/wp\/v2\/product"}],"about":[{"href":"https:\/\/compra08840.com\/es\/wp-json\/wp\/v2\/types\/product"}],"wp:featuredmedia":[{"embeddable":true,"href":"https:\/\/compra08840.com\/es\/wp-json\/wp\/v2\/media\/8141"}],"wp:attachment":[{"href":"https:\/\/compra08840.com\/es\/wp-json\/wp\/v2\/media?parent=11354"}],"wp:term":[{"taxonomy":"product_brand","embeddable":true,"href":"https:\/\/compra08840.com\/es\/wp-json\/wp\/v2\/product_brand?post=11354"},{"taxonomy":"product_cat","embeddable":true,"href":"https:\/\/compra08840.com\/es\/wp-json\/wp\/v2\/product_cat?post=11354"},{"taxonomy":"product_tag","embeddable":true,"href":"https:\/\/compra08840.com\/es\/wp-json\/wp\/v2\/product_tag?post=11354"},{"taxonomy":"tipo-de-venta","embeddable":true,"href":"https:\/\/compra08840.com\/es\/wp-json\/wp\/v2\/tipo-de-venta?post=11354"}],"curies":[{"name":"wp","href":"https:\/\/api.w.org\/{rel}","templated":true}]}}