
{"id":11346,"date":"2022-11-08T17:55:33","date_gmt":"2022-11-08T16:55:33","guid":{"rendered":"https:\/\/compra08840.com\/?post_type=product&#038;p=11346"},"modified":"2023-01-02T13:53:30","modified_gmt":"2023-01-02T12:53:30","slug":"muffins-almendras","status":"publish","type":"product","link":"https:\/\/compra08840.com\/es\/marketplace\/product\/muffins-almendras\/","title":{"rendered":"Muffins de almendras"},"content":{"rendered":"<p>\u00bfNunca has probado nuestros muffins? Liger\u00edsimos, tiernos e inconfundibles. \u00c9stos son los cl\u00e1sicos, decorados con almendras tostadas por encima.<\/p>\n<p>Perfectas para un desayuno o merienda.<\/p>\n<p><strong>Este producto contiene:<\/strong><\/p>\n<p>L\u00c1CTEOS<br \/>\nGLUTEN<br \/>\nHUEVOS<br \/>\nFRUTOS SECOS<\/p>\n<p>Plaza Viladecans de 10 a 13h de Lunes a S\u00e1bado<\/p>\n","protected":false},"excerpt":{"rendered":"<p>Muffins de almendras<\/p>\n<p>El gasto de Eva<\/p>\n","protected":false},"featured_media":8147,"template":"","meta":{"_acf_changed":false,"_monsterinsights_skip_tracking":false,"_monsterinsights_sitenote_active":false,"_monsterinsights_sitenote_note":"","_monsterinsights_sitenote_category":0},"product_brand":[],"product_cat":[1200,1291,1294],"product_tag":[1366,1367,1375,1383,1393,1394,1397],"tipo-de-venta":[1772],"class_list":{"0":"post-11346","1":"product","2":"type-product","3":"status-publish","4":"has-post-thumbnail","6":"product_cat-sin-categorizar-es","7":"product_cat-alimentacion","8":"product_cat-panaderia-bolleria","9":"product_tag-desayuno-es","10":"product_tag-desayuno-es-2","11":"product_tag-dulce-es","12":"product_tag-dulce-es-2","13":"product_tag-magdalenas-es","14":"product_tag-merienda-es","15":"product_tag-muffins-es","16":"tipo-de-venta-vendes-a-la-web-propia","18":"first","19":"instock","20":"sold-individually","21":"taxable","22":"shipping-taxable","23":"product-type-external"},"acf":[],"aioseo_notices":[],"jetpack_sharing_enabled":true,"_links":{"self":[{"href":"https:\/\/compra08840.com\/es\/wp-json\/wp\/v2\/product\/11346","targetHints":{"allow":["GET"]}}],"collection":[{"href":"https:\/\/compra08840.com\/es\/wp-json\/wp\/v2\/product"}],"about":[{"href":"https:\/\/compra08840.com\/es\/wp-json\/wp\/v2\/types\/product"}],"wp:featuredmedia":[{"embeddable":true,"href":"https:\/\/compra08840.com\/es\/wp-json\/wp\/v2\/media\/8147"}],"wp:attachment":[{"href":"https:\/\/compra08840.com\/es\/wp-json\/wp\/v2\/media?parent=11346"}],"wp:term":[{"taxonomy":"product_brand","embeddable":true,"href":"https:\/\/compra08840.com\/es\/wp-json\/wp\/v2\/product_brand?post=11346"},{"taxonomy":"product_cat","embeddable":true,"href":"https:\/\/compra08840.com\/es\/wp-json\/wp\/v2\/product_cat?post=11346"},{"taxonomy":"product_tag","embeddable":true,"href":"https:\/\/compra08840.com\/es\/wp-json\/wp\/v2\/product_tag?post=11346"},{"taxonomy":"tipo-de-venta","embeddable":true,"href":"https:\/\/compra08840.com\/es\/wp-json\/wp\/v2\/tipo-de-venta?post=11346"}],"curies":[{"name":"wp","href":"https:\/\/api.w.org\/{rel}","templated":true}]}}