
{"id":11338,"date":"2022-11-08T17:55:52","date_gmt":"2022-11-08T16:55:52","guid":{"rendered":"https:\/\/compra08840.com\/?post_type=product&#038;p=11338"},"modified":"2023-01-02T13:53:27","modified_gmt":"2023-01-02T12:53:27","slug":"mermeladas-del-pot-pequeno","status":"publish","type":"product","link":"https:\/\/compra08840.com\/es\/marketplace\/product\/mermeladas-del-pot-pequeno\/","title":{"rendered":"Mermeladas del Pot Petit"},"content":{"rendered":"<p>Desde 2009 la familia <a href=\"https:\/\/delpotpetit.com\/es\/hitoria\/\">Xercavins Sim\u00f3<\/a> elaboran mermeladas de forma 100% Natural y artesana, a partir de una gran proporci\u00f3n de fruta fresca de proximidad de la mejor calidad, y una peque\u00f1a parte de az\u00facar de ca\u00f1a y miel.<\/p>\n<p>Siguen un proceso de elaboraci\u00f3n de forma manual con mucho cuidado y dedicaci\u00f3n, siguiendo las recetas y t\u00e9cnicas de la tradici\u00f3n artesana, introduciendo innovaciones que permiten obtener mejor calidad, mayor seguridad alimentaria, y nuevas y sorprendentes variedades.<\/p>\n<p>Todas las mermeladas las elaboran ellos mismos en su obrador situado en Rub\u00ed, de forma manual preferentemente a partir de materias primas de nuestras fincas certificadas ecol\u00f3gicas, dentro del Parque Natural del Montsant (Priorat)<\/p>\n<p>El resultado es una mermelada de calidad excepcional con un intenso sabor a fruta fresca, y con texturas, aromas y colores \u00fanicos, naturales, que la hacen perfecta tanto para desayunos o postres, como para maridajes con quesos, carnes y pescados.<\/p>\n<p>\u00a1Descubre la extensa gama de variedades de mermelada, y d\u00e9jate sorprender por los sabores \u00fanicos de De el Pot Petit!<\/p>\n<p>Plaza Viladecans de 10 a 13h de Lunes a S\u00e1bado<\/p>\n","protected":false},"excerpt":{"rendered":"<p>Mermeladas del Pot Petit<\/p>\n<p>El gasto de Eva<\/p>\n","protected":false},"featured_media":8110,"template":"","meta":{"_acf_changed":false,"_monsterinsights_skip_tracking":false,"_monsterinsights_sitenote_active":false,"_monsterinsights_sitenote_note":"","_monsterinsights_sitenote_category":0},"product_brand":[],"product_cat":[1200,1291,1294],"product_tag":[1386,1367,1383,1387,1384,1385],"tipo-de-venta":[1772],"class_list":{"0":"post-11338","1":"product","2":"type-product","3":"status-publish","4":"has-post-thumbnail","6":"product_cat-sin-categorizar-es","7":"product_cat-alimentacion","8":"product_cat-panaderia-bolleria","9":"product_tag-artesana-es","10":"product_tag-desayuno-es-2","11":"product_tag-dulce-es-2","12":"product_tag-maridaje-es","13":"product_tag-mermelada-es","14":"product_tag-mermelada-es-2","15":"tipo-de-venta-vendes-a-la-web-propia","17":"first","18":"instock","19":"sold-individually","20":"taxable","21":"shipping-taxable","22":"product-type-external"},"acf":[],"aioseo_notices":[],"jetpack_sharing_enabled":true,"_links":{"self":[{"href":"https:\/\/compra08840.com\/es\/wp-json\/wp\/v2\/product\/11338","targetHints":{"allow":["GET"]}}],"collection":[{"href":"https:\/\/compra08840.com\/es\/wp-json\/wp\/v2\/product"}],"about":[{"href":"https:\/\/compra08840.com\/es\/wp-json\/wp\/v2\/types\/product"}],"wp:featuredmedia":[{"embeddable":true,"href":"https:\/\/compra08840.com\/es\/wp-json\/wp\/v2\/media\/8110"}],"wp:attachment":[{"href":"https:\/\/compra08840.com\/es\/wp-json\/wp\/v2\/media?parent=11338"}],"wp:term":[{"taxonomy":"product_brand","embeddable":true,"href":"https:\/\/compra08840.com\/es\/wp-json\/wp\/v2\/product_brand?post=11338"},{"taxonomy":"product_cat","embeddable":true,"href":"https:\/\/compra08840.com\/es\/wp-json\/wp\/v2\/product_cat?post=11338"},{"taxonomy":"product_tag","embeddable":true,"href":"https:\/\/compra08840.com\/es\/wp-json\/wp\/v2\/product_tag?post=11338"},{"taxonomy":"tipo-de-venta","embeddable":true,"href":"https:\/\/compra08840.com\/es\/wp-json\/wp\/v2\/tipo-de-venta?post=11338"}],"curies":[{"name":"wp","href":"https:\/\/api.w.org\/{rel}","templated":true}]}}