
{"id":10312,"date":"2022-11-14T14:39:18","date_gmt":"2022-11-14T13:39:18","guid":{"rendered":"https:\/\/compra08840.com\/?post_type=product&p=10312"},"modified":"2022-11-14T14:39:18","modified_gmt":"2022-11-14T13:39:18","slug":"vela-bautizo-flores-azules-y-plumas-4-x-50cm-2","status":"publish","type":"product","link":"https:\/\/compra08840.com\/es\/marketplace\/product\/vela-bautizo-flores-azules-y-plumas-4-x-50cm-2\/","title":{"rendered":"Vela bautizo Crisanto (4 x 50cm)"},"content":{"rendered":"<p>Difer\u00e9nciate con este bonito cirio\u2026 La vela est\u00e1 decorada con cinta de color iridiscente (cambia de color con la luz). La decoraci\u00f3n incluye cinta de color azul, cinta r\u00fastica en color crudo, plumas blancas y flores\/hojas artificiales.<\/p>\n<ul>\n<li>Medida: 50 alto x 4 cm di\u00e1metro<\/li>\n<\/ul>\n<p>\u00bfA\u00fan buscas algo m\u00e1s especial? Personalizamos la vela para tu ceremonia. Cont\u00e1ctanos para que te hagamos presupuesto sin compromiso.<\/p>\n","protected":false},"excerpt":{"rendered":"<p>Angelito de la guarda<\/p>\n","protected":false},"featured_media":9380,"template":"","meta":{"_acf_changed":false,"_monsterinsights_skip_tracking":false,"_monsterinsights_sitenote_active":false,"_monsterinsights_sitenote_note":"","_monsterinsights_sitenote_category":0},"product_brand":[],"product_cat":[1195,1197],"product_tag":[],"tipo-de-venta":[1772],"class_list":{"0":"post-10312","1":"product","2":"type-product","3":"status-publish","4":"has-post-thumbnail","6":"product_cat-bebes-es","7":"product_cat-otros-productos","8":"tipo-de-venta-vendes-a-la-web-propia","10":"first","11":"instock","12":"taxable","13":"shipping-taxable","14":"product-type-external"},"acf":[],"aioseo_notices":[],"jetpack_sharing_enabled":true,"_links":{"self":[{"href":"https:\/\/compra08840.com\/es\/wp-json\/wp\/v2\/product\/10312","targetHints":{"allow":["GET"]}}],"collection":[{"href":"https:\/\/compra08840.com\/es\/wp-json\/wp\/v2\/product"}],"about":[{"href":"https:\/\/compra08840.com\/es\/wp-json\/wp\/v2\/types\/product"}],"wp:featuredmedia":[{"embeddable":true,"href":"https:\/\/compra08840.com\/es\/wp-json\/wp\/v2\/media\/9380"}],"wp:attachment":[{"href":"https:\/\/compra08840.com\/es\/wp-json\/wp\/v2\/media?parent=10312"}],"wp:term":[{"taxonomy":"product_brand","embeddable":true,"href":"https:\/\/compra08840.com\/es\/wp-json\/wp\/v2\/product_brand?post=10312"},{"taxonomy":"product_cat","embeddable":true,"href":"https:\/\/compra08840.com\/es\/wp-json\/wp\/v2\/product_cat?post=10312"},{"taxonomy":"product_tag","embeddable":true,"href":"https:\/\/compra08840.com\/es\/wp-json\/wp\/v2\/product_tag?post=10312"},{"taxonomy":"tipo-de-venta","embeddable":true,"href":"https:\/\/compra08840.com\/es\/wp-json\/wp\/v2\/tipo-de-venta?post=10312"}],"curies":[{"name":"wp","href":"https:\/\/api.w.org\/{rel}","templated":true}]}}